{"id":12825,"date":"2024-07-03T09:00:26","date_gmt":"2024-07-03T12:00:26","guid":{"rendered":"https:\/\/cracto.com.br\/?page_id=12825"},"modified":"2024-11-26T18:13:00","modified_gmt":"2024-11-26T21:13:00","slug":"questionario","status":"publish","type":"page","link":"https:\/\/cracto.com.br\/en\/casa-pronta\/questionario\/","title":{"rendered":"Question\u00e1rio"},"content":{"rendered":"<div data-elementor-type=\"wp-page\" data-elementor-id=\"12825\" class=\"elementor elementor-12825\" data-elementor-post-type=\"page\">\n\t\t\t\t\t\t<section class=\"elementor-section elementor-top-section elementor-element elementor-element-e18438a elementor-section-boxed elementor-section-height-default elementor-section-height-default\" data-id=\"e18438a\" data-element_type=\"section\" data-settings=\"{&quot;background_background&quot;:&quot;classic&quot;}\">\n\t\t\t\t\t\t<div class=\"elementor-container elementor-column-gap-default\">\n\t\t\t\t\t<div class=\"elementor-column elementor-col-66 elementor-top-column elementor-element elementor-element-2624772\" data-id=\"2624772\" data-element_type=\"column\" data-settings=\"{&quot;background_background&quot;:&quot;classic&quot;}\">\n\t\t\t<div class=\"elementor-widget-wrap elementor-element-populated\">\n\t\t\t\t\t\t<div class=\"elementor-element elementor-element-28bc3fd elementor-widget elementor-widget-heading\" data-id=\"28bc3fd\" data-element_type=\"widget\" data-widget_type=\"heading.default\">\n\t\t\t\t<div class=\"elementor-widget-container\">\n\t\t\t\t\t<h1 class=\"elementor-heading-title elementor-size-default\">Casa Pronta<\/h1>\t\t\t\t<\/div>\n\t\t\t\t<\/div>\n\t\t\t\t<div class=\"elementor-element elementor-element-1dd5be2 elementor-widget elementor-widget-text-editor\" data-id=\"1dd5be2\" data-element_type=\"widget\" data-widget_type=\"text-editor.default\">\n\t\t\t\t<div class=\"elementor-widget-container\">\n\t\t\t\t\t\t\t\t\t<p>Conte-nos suas prefer\u00eancias e vamos criar um projeto ideal para voc\u00ea!<\/p>\t\t\t\t\t\t\t\t<\/div>\n\t\t\t\t<\/div>\n\t\t\t\t<div class=\"elementor-element elementor-element-1f7e9c5 elementor-button-align-start elementor-mobile-button-align-end elementor-widget elementor-widget-form\" data-id=\"1f7e9c5\" data-element_type=\"widget\" data-settings=\"{&quot;step_next_label&quot;:&quot;Pr\\u00f3ximo&quot;,&quot;step_previous_label&quot;:&quot;Anterior&quot;,&quot;step_type&quot;:&quot;number&quot;,&quot;button_width&quot;:&quot;100&quot;,&quot;step_icon_shape&quot;:&quot;circle&quot;}\" data-no-translation=\"\" data-widget_type=\"form.default\">\n\t\t\t\t<div class=\"elementor-widget-container\">\n\t\t\t\t\t<style>.elementor-element-1f7e9c5{display:none !important}<\/style>\t\t\t\t<\/div>\n\t\t\t\t<\/div>\n\t\t\t\t<div class=\"elementor-element elementor-element-26c5fbb elementor-widget elementor-widget-shortcode\" data-id=\"26c5fbb\" data-element_type=\"widget\" data-widget_type=\"shortcode.default\">\n\t\t\t\t<div class=\"elementor-widget-container\">\n\t\t\t\t\t\t\t<div class=\"elementor-shortcode\"><script>document.getElementById('casa_pronta_formulario').onsubmit = async function(e) {\r\n    e.preventDefault();\r\n\t\r\n    var quartos = document.getElementById('form-field-quartos').value;\r\n    var banheiros = document.getElementById('form-field-banheiros').value;\r\n    var estilo = document.querySelector('input[name=\"form_fields[estilo]\"]:checked').value;\r\n    var lavanderia = document.getElementById('form-field-lavanderia').value;\r\n    var plano = \"Conforto\";\r\n\t\r\n\tconst selectedAttributes = {\r\n        'attribute_pa_quartos': quartos,\r\n        'attribute_pa_banheiros': banheiros,\r\n        'attribute_pa_estilo': estilo,\r\n        'attribute_pa_lavanderia': lavanderia,\r\n        'attribute_pa_plano': plano\r\n    };\r\n\t\r\n    const productId = 11411;\r\n\t\r\n\tasync function getAvailableVariations(productId) {\r\n    let allVariations = [];\r\n    let page = 1;\r\n    let perPage = 100;\r\n    while (true) {\r\n        const response = await fetch(`\/wp-json\/wc\/v3\/products\/${productId}\/variations?per_page=${perPage}&page=${page}`, {\r\n            method: 'GET',\r\n            headers: {\r\n                'Content-Type': 'application\/json',\r\n                'Authorization': 'Basic ' + btoa('ck_6c0973c1732cc8952af9a4ee32bb1c37c7d29894:cs_facd531ed20a8b2bc40f9b1c4d3f82fbe7166cdb')\r\n            }\r\n        });\r\n        const variations = await response.json();\r\n        if (variations.length === 0) {\r\n            break;\r\n        }\r\n        allVariations = allVariations.concat(variations);\r\n        page++;\r\n    \t}\r\n    \treturn allVariations;\r\n\t}\r\n\t\r\n\t\/\/ Busca as varia\u00e7\u00f5es dispon\u00edveis\r\n    const variations = await getAvailableVariations(productId);\r\n\t\r\n\tfunction normalizeString(str) {\r\n    \treturn str.normalize('NFD').replace(\/[\\u0300-\\u036f]\/g, \"\").toLowerCase();\r\n\t}\r\n\t\r\n\tfunction findClosestVariation(variations, selectedAttributes) {\r\n    \tlet closestVariation = null;\r\n    \tlet highestMatchCount = 0;\r\n    \tvariations.forEach(variation => {\r\n        \tlet matchCount = 0;\r\n        \tvariation.attributes.forEach(attr => {\r\n            \tconst slug = `attribute_${attr.slug}`;\r\n            \tconst selectedValue = selectedAttributes[slug] ? normalizeString(selectedAttributes[slug]) : null;\r\n            \tconst variationValue = attr.option ? normalizeString(attr.option) : null;\r\n\t\t\t\tif (selectedValue === variationValue) {\r\n                \tmatchCount++;\r\n            \t}\r\n        \t});\r\n        \tif (matchCount > highestMatchCount) {\r\n            \thighestMatchCount = matchCount;\r\n            \tclosestVariation = variation;\r\n       \t\t}\r\n    \t});\r\n    \treturn closestVariation;\r\n\t}\r\n\t\r\n\t\/\/ Encontra a varia\u00e7\u00e3o mais pr\u00f3xima\r\n    const closestVariation = findClosestVariation(variations, selectedAttributes);\r\n\t\r\n\tfunction buildVariationUrl(variation) {\r\n   \t\tlet url = variation.permalink;\r\n    \tvariation.attributes.forEach(attr => {\r\n        \tconst slug = `attribute_${attr.slug}`;\r\n        \tconst option = attr.option ? encodeURIComponent(attr.option) : '';\r\n        \tif (!url.includes(`${slug}=`)) {\r\n            \turl += `&${slug}=${option}`;\r\n        \t}\r\n    \t});\r\n    \treturn url;\r\n\t}\r\n\t\r\n    \/\/ Redireciona para o permalink da varia\u00e7\u00e3o mais pr\u00f3xima\r\n    const url = buildVariationUrl(closestVariation, selectedAttributes);\r\n\twindow.location.href = url;\r\n};<\/script><\/div>\n\t\t\t\t\t\t<\/div>\n\t\t\t\t<\/div>\n\t\t\t\t<div class=\"elementor-element elementor-element-0df54e1 script-container elementor-widget elementor-widget-html\" data-id=\"0df54e1\" data-element_type=\"widget\" data-widget_type=\"html.default\">\n\t\t\t\t<div class=\"elementor-widget-container\">\n\t\t\t\t\t<script>\n\n    const formBtn = document.querySelector(\"#form-button\");\n\n    \/**\n     * Armazena as op\u00e7\u00f5es selecionadas no localStorage\n     * @param {Event} evt\n     *\/\n    const handleBtnClick = (evt) => {\n        const form = document.querySelector(\"#casa_pronta_form_inicial\");\n        const options = {\n            'tem_suite': form.querySelector('select[name=\"form_fields[suites]\"]').value,\n            'qtd_quartos': form.querySelector('select[name=\"form_fields[quantidade_quartos]\"]').value,\n            'estilo': form.querySelector('input[name=\"form_fields[estilo]\"]:checked').value,\n            'paleta': form.querySelector('input[name=\"form_fields[paleta]\"]:checked').value\n        }\n        evt.preventDefault();\n        localStorage.setItem('crt-main-options', JSON.stringify(options))\n        formBtn.removeEventListener('click', handleBtnClick);\n        formBtn.click();\n    }\n    \n    formBtn.addEventListener('click', handleBtnClick);\n    \n<\/script>\t\t\t\t<\/div>\n\t\t\t\t<\/div>\n\t\t\t\t<div class=\"elementor-element elementor-element-e5981be display-none elementor-widget elementor-widget-html\" data-id=\"e5981be\" data-element_type=\"widget\" data-widget_type=\"html.default\">\n\t\t\t\t<div class=\"elementor-widget-container\">\n\t\t\t\t\t<script>\n    \n    \/**\n     * Ajusta o scroll para centralizar o formul\u00e1rio a cada etapa\n     *\/\n    const formScroll = () => {\n        const crtFormInicio = document.querySelector(\"#casa_pronta_form_inicial\");\n        const descricao = document.querySelector(\"#descricao-formulario-1\");\n        const formBotoes = crtFormInicio.querySelectorAll(\"button\");\n        \n        formBotoes.forEach(function(botao) {\n            botao.addEventListener(\"click\", function( evt ) {\n                descricao.scrollIntoView({block:\"start\", inline:\"nearest\", behavior:\"smooth\"});\n            });\n        });\n    }\n\n   window.onload = formScroll;\n<\/script>\t\t\t\t<\/div>\n\t\t\t\t<\/div>\n\t\t\t\t\t<\/div>\n\t\t<\/div>\n\t\t\t\t<div class=\"elementor-column elementor-col-33 elementor-top-column elementor-element elementor-element-aabcb08\" data-id=\"aabcb08\" data-element_type=\"column\" data-settings=\"{&quot;background_background&quot;:&quot;classic&quot;}\">\n\t\t\t<div class=\"elementor-widget-wrap elementor-element-populated\">\n\t\t\t\t\t\t<div class=\"elementor-element elementor-element-8f013f8 elementor-widget elementor-widget-heading\" data-id=\"8f013f8\" data-element_type=\"widget\" data-widget_type=\"heading.default\">\n\t\t\t\t<div class=\"elementor-widget-container\">\n\t\t\t\t\t<h2 class=\"elementor-heading-title elementor-size-default\">Como funciona?<\/h2>\t\t\t\t<\/div>\n\t\t\t\t<\/div>\n\t\t\t\t<div class=\"elementor-element elementor-element-29e0a61 elementor-widget elementor-widget-text-editor\" data-id=\"29e0a61\" data-element_type=\"widget\" data-widget_type=\"text-editor.default\">\n\t\t\t\t<div class=\"elementor-widget-container\">\n\t\t\t\t\t\t\t\t\t<p>Imagine sua casa dos seus sonhos e preencha o question\u00e1rio conforme sua vis\u00e3o. Ap\u00f3s isso nosso aplicativo ir\u00e1 criar um projeto automaticamente e voc\u00ea poder\u00e1 alter\u00e1-lo conforme necess\u00e1rio.<\/p><p>Adicione o projeto ao carrinho e revise se todas as informa\u00e7\u00f5es est\u00e3o corretas. Finalize o pedido e nossa equipe ir\u00e1 entrar em contato para concretizar o sonho do seu novo lar.<\/p>\t\t\t\t\t\t\t\t<\/div>\n\t\t\t\t<\/div>\n\t\t\t\t<div class=\"elementor-element elementor-element-a2686e0 elementor-widget elementor-widget-video\" data-id=\"a2686e0\" data-element_type=\"widget\" data-settings=\"{&quot;youtube_url&quot;:&quot;https:\\\/\\\/www.youtube.com\\\/watch?v=XHOmBV4js_E&quot;,&quot;video_type&quot;:&quot;youtube&quot;,&quot;controls&quot;:&quot;yes&quot;}\" data-widget_type=\"video.default\">\n\t\t\t\t<div class=\"elementor-widget-container\">\n\t\t\t\t\t\t\t<div class=\"elementor-wrapper elementor-open-inline\">\n\t\t\t<div class=\"elementor-video\"><\/div>\t\t<\/div>\n\t\t\t\t\t\t<\/div>\n\t\t\t\t<\/div>\n\t\t\t\t<div class=\"elementor-element elementor-element-be89e06 elementor-align-center elementor-widget elementor-widget-button\" data-id=\"be89e06\" data-element_type=\"widget\" data-widget_type=\"button.default\">\n\t\t\t\t<div class=\"elementor-widget-container\">\n\t\t\t\t\t\t\t\t\t<div class=\"elementor-button-wrapper\">\n\t\t\t\t\t<a class=\"elementor-button elementor-button-link elementor-size-md\" href=\"https:\/\/cracto.com.br\/en\/casa-pronta\/#saiba-mais\">\n\t\t\t\t\t\t<span class=\"elementor-button-content-wrapper\">\n\t\t\t\t\t\t\t\t\t<span class=\"elementor-button-text\">SAIBA MAIS<\/span>\n\t\t\t\t\t<\/span>\n\t\t\t\t\t<\/a>\n\t\t\t\t<\/div>\n\t\t\t\t\t\t\t\t<\/div>\n\t\t\t\t<\/div>\n\t\t\t\t\t<\/div>\n\t\t<\/div>\n\t\t\t\t\t<\/div>\n\t\t<\/section>\n\t\t\t\t<\/div>","protected":false},"excerpt":{"rendered":"<p>Casa Pronta Conte-nos suas prefer\u00eancias e vamos criar um projeto ideal para voc\u00ea! Como funciona? Imagine sua casa dos seus sonhos e preencha o question\u00e1rio conforme sua vis\u00e3o. Ap\u00f3s isso nosso aplicativo ir\u00e1 criar um projeto automaticamente e voc\u00ea poder\u00e1 alter\u00e1-lo conforme necess\u00e1rio. Adicione o projeto ao carrinho e revise se todas as informa\u00e7\u00f5es est\u00e3o [&hellip;]<\/p>","protected":false},"author":12,"featured_media":0,"parent":3625,"menu_order":0,"comment_status":"closed","ping_status":"closed","template":"elementor_header_footer","meta":{"_joinchat":[],"footnotes":""},"class_list":["post-12825","page","type-page","status-publish","hentry"],"yoast_head":"<!-- This site is optimized with the Yoast SEO plugin v27.2 - https:\/\/yoast.com\/product\/yoast-seo-wordpress\/ -->\n<title>Question\u00e1rio - Cracto<\/title>\n<meta name=\"description\" content=\"Responda ao nosso question\u00e1rio personalizado e descubra as op\u00e7\u00f5es de casa que mais se alinham com suas prefer\u00eancias e necessidades. Encontre o lar dos seus sonhos de forma f\u00e1cil e r\u00e1pida!\" \/>\n<meta name=\"robots\" content=\"index, follow, max-snippet:-1, max-image-preview:large, max-video-preview:-1\" \/>\n<link rel=\"canonical\" href=\"https:\/\/cracto.com.br\/en\/casa-pronta\/questionario\/\" \/>\n<meta property=\"og:locale\" content=\"en_US\" \/>\n<meta property=\"og:type\" content=\"article\" \/>\n<meta property=\"og:title\" content=\"Question\u00e1rio - Cracto\" \/>\n<meta property=\"og:description\" content=\"Responda ao nosso question\u00e1rio personalizado e descubra as op\u00e7\u00f5es de casa que mais se alinham com suas prefer\u00eancias e necessidades. Encontre o lar dos seus sonhos de forma f\u00e1cil e r\u00e1pida!\" \/>\n<meta property=\"og:url\" content=\"https:\/\/cracto.com.br\/en\/casa-pronta\/questionario\/\" \/>\n<meta property=\"og:site_name\" content=\"Cracto\" \/>\n<meta property=\"article:modified_time\" content=\"2024-11-26T21:13:00+00:00\" \/>\n<meta name=\"twitter:card\" content=\"summary_large_image\" \/>\n<meta name=\"twitter:label1\" content=\"Est. reading time\" \/>\n\t<meta name=\"twitter:data1\" content=\"1 minute\" \/>\n<script type=\"application\/ld+json\" class=\"yoast-schema-graph\">{\"@context\":\"https:\/\/schema.org\",\"@graph\":[{\"@type\":\"WebPage\",\"@id\":\"https:\/\/cracto.com.br\/casa-pronta\/questionario\/\",\"url\":\"https:\/\/cracto.com.br\/casa-pronta\/questionario\/\",\"name\":\"Question\u00e1rio - Cracto\",\"isPartOf\":{\"@id\":\"https:\/\/cracto.com.br\/#website\"},\"datePublished\":\"2024-07-03T12:00:26+00:00\",\"dateModified\":\"2024-11-26T21:13:00+00:00\",\"description\":\"Responda ao nosso question\u00e1rio personalizado e descubra as op\u00e7\u00f5es de casa que mais se alinham com suas prefer\u00eancias e necessidades. Encontre o lar dos seus sonhos de forma f\u00e1cil e r\u00e1pida!\",\"breadcrumb\":{\"@id\":\"https:\/\/cracto.com.br\/casa-pronta\/questionario\/#breadcrumb\"},\"inLanguage\":\"en-US\",\"potentialAction\":[{\"@type\":\"ReadAction\",\"target\":[\"https:\/\/cracto.com.br\/casa-pronta\/questionario\/\"]}]},{\"@type\":\"BreadcrumbList\",\"@id\":\"https:\/\/cracto.com.br\/casa-pronta\/questionario\/#breadcrumb\",\"itemListElement\":[{\"@type\":\"ListItem\",\"position\":1,\"name\":\"In\u00edcio\",\"item\":\"https:\/\/cracto.com.br\/\"},{\"@type\":\"ListItem\",\"position\":2,\"name\":\"Casa Pronta\",\"item\":\"https:\/\/cracto.com.br\/casa-pronta\/\"},{\"@type\":\"ListItem\",\"position\":3,\"name\":\"Question\u00e1rio\"}]},{\"@type\":\"WebSite\",\"@id\":\"https:\/\/cracto.com.br\/#website\",\"url\":\"https:\/\/cracto.com.br\/\",\"name\":\"Cracto\",\"description\":\"Construtora e Servi\u00e7os de Engenharia\",\"publisher\":{\"@id\":\"https:\/\/cracto.com.br\/#organization\"},\"potentialAction\":[{\"@type\":\"SearchAction\",\"target\":{\"@type\":\"EntryPoint\",\"urlTemplate\":\"https:\/\/cracto.com.br\/?s={search_term_string}\"},\"query-input\":{\"@type\":\"PropertyValueSpecification\",\"valueRequired\":true,\"valueName\":\"search_term_string\"}}],\"inLanguage\":\"en-US\"},{\"@type\":\"Organization\",\"@id\":\"https:\/\/cracto.com.br\/#organization\",\"name\":\"Cracto\",\"url\":\"https:\/\/cracto.com.br\/\",\"logo\":{\"@type\":\"ImageObject\",\"inLanguage\":\"en-US\",\"@id\":\"https:\/\/cracto.com.br\/#\/schema\/logo\/image\/\",\"url\":\"https:\/\/cracto.com.br\/wp-content\/uploads\/2021\/08\/Cracto_logo-Azul-Holding.png\",\"contentUrl\":\"https:\/\/cracto.com.br\/wp-content\/uploads\/2021\/08\/Cracto_logo-Azul-Holding.png\",\"width\":2001,\"height\":763,\"caption\":\"Cracto\"},\"image\":{\"@id\":\"https:\/\/cracto.com.br\/#\/schema\/logo\/image\/\"}}]}<\/script>\n<!-- \/ Yoast SEO plugin. -->","yoast_head_json":{"title":"Question\u00e1rio - Cracto","description":"Responda ao nosso question\u00e1rio personalizado e descubra as op\u00e7\u00f5es de casa que mais se alinham com suas prefer\u00eancias e necessidades. Encontre o lar dos seus sonhos de forma f\u00e1cil e r\u00e1pida!","robots":{"index":"index","follow":"follow","max-snippet":"max-snippet:-1","max-image-preview":"max-image-preview:large","max-video-preview":"max-video-preview:-1"},"canonical":"https:\/\/cracto.com.br\/en\/casa-pronta\/questionario\/","og_locale":"en_US","og_type":"article","og_title":"Question\u00e1rio - Cracto","og_description":"Responda ao nosso question\u00e1rio personalizado e descubra as op\u00e7\u00f5es de casa que mais se alinham com suas prefer\u00eancias e necessidades. Encontre o lar dos seus sonhos de forma f\u00e1cil e r\u00e1pida!","og_url":"https:\/\/cracto.com.br\/en\/casa-pronta\/questionario\/","og_site_name":"Cracto","article_modified_time":"2024-11-26T21:13:00+00:00","twitter_card":"summary_large_image","twitter_misc":{"Est. reading time":"1 minute"},"schema":{"@context":"https:\/\/schema.org","@graph":[{"@type":"WebPage","@id":"https:\/\/cracto.com.br\/casa-pronta\/questionario\/","url":"https:\/\/cracto.com.br\/casa-pronta\/questionario\/","name":"Question\u00e1rio - Cracto","isPartOf":{"@id":"https:\/\/cracto.com.br\/#website"},"datePublished":"2024-07-03T12:00:26+00:00","dateModified":"2024-11-26T21:13:00+00:00","description":"Responda ao nosso question\u00e1rio personalizado e descubra as op\u00e7\u00f5es de casa que mais se alinham com suas prefer\u00eancias e necessidades. Encontre o lar dos seus sonhos de forma f\u00e1cil e r\u00e1pida!","breadcrumb":{"@id":"https:\/\/cracto.com.br\/casa-pronta\/questionario\/#breadcrumb"},"inLanguage":"en-US","potentialAction":[{"@type":"ReadAction","target":["https:\/\/cracto.com.br\/casa-pronta\/questionario\/"]}]},{"@type":"BreadcrumbList","@id":"https:\/\/cracto.com.br\/casa-pronta\/questionario\/#breadcrumb","itemListElement":[{"@type":"ListItem","position":1,"name":"In\u00edcio","item":"https:\/\/cracto.com.br\/"},{"@type":"ListItem","position":2,"name":"Casa Pronta","item":"https:\/\/cracto.com.br\/casa-pronta\/"},{"@type":"ListItem","position":3,"name":"Question\u00e1rio"}]},{"@type":"WebSite","@id":"https:\/\/cracto.com.br\/#website","url":"https:\/\/cracto.com.br\/","name":"Cracto","description":"Construtora e Servi\u00e7os de Engenharia","publisher":{"@id":"https:\/\/cracto.com.br\/#organization"},"potentialAction":[{"@type":"SearchAction","target":{"@type":"EntryPoint","urlTemplate":"https:\/\/cracto.com.br\/?s={search_term_string}"},"query-input":{"@type":"PropertyValueSpecification","valueRequired":true,"valueName":"search_term_string"}}],"inLanguage":"en-US"},{"@type":"Organization","@id":"https:\/\/cracto.com.br\/#organization","name":"Cracto","url":"https:\/\/cracto.com.br\/","logo":{"@type":"ImageObject","inLanguage":"en-US","@id":"https:\/\/cracto.com.br\/#\/schema\/logo\/image\/","url":"https:\/\/cracto.com.br\/wp-content\/uploads\/2021\/08\/Cracto_logo-Azul-Holding.png","contentUrl":"https:\/\/cracto.com.br\/wp-content\/uploads\/2021\/08\/Cracto_logo-Azul-Holding.png","width":2001,"height":763,"caption":"Cracto"},"image":{"@id":"https:\/\/cracto.com.br\/#\/schema\/logo\/image\/"}}]}},"_links":{"self":[{"href":"https:\/\/cracto.com.br\/en\/wp-json\/wp\/v2\/pages\/12825","targetHints":{"allow":["GET"]}}],"collection":[{"href":"https:\/\/cracto.com.br\/en\/wp-json\/wp\/v2\/pages"}],"about":[{"href":"https:\/\/cracto.com.br\/en\/wp-json\/wp\/v2\/types\/page"}],"author":[{"embeddable":true,"href":"https:\/\/cracto.com.br\/en\/wp-json\/wp\/v2\/users\/12"}],"replies":[{"embeddable":true,"href":"https:\/\/cracto.com.br\/en\/wp-json\/wp\/v2\/comments?post=12825"}],"version-history":[{"count":157,"href":"https:\/\/cracto.com.br\/en\/wp-json\/wp\/v2\/pages\/12825\/revisions"}],"predecessor-version":[{"id":13814,"href":"https:\/\/cracto.com.br\/en\/wp-json\/wp\/v2\/pages\/12825\/revisions\/13814"}],"up":[{"embeddable":true,"href":"https:\/\/cracto.com.br\/en\/wp-json\/wp\/v2\/pages\/3625"}],"wp:attachment":[{"href":"https:\/\/cracto.com.br\/en\/wp-json\/wp\/v2\/media?parent=12825"}],"curies":[{"name":"wp","href":"https:\/\/api.w.org\/{rel}","templated":true}]}}