{"id":12041,"date":"2024-04-12T08:43:51","date_gmt":"2024-04-12T11:43:51","guid":{"rendered":"https:\/\/cracto.com.br\/?page_id=12041"},"modified":"2024-11-26T12:30:19","modified_gmt":"2024-11-26T15:30:19","slug":"contato","status":"publish","type":"page","link":"https:\/\/cracto.com.br\/en\/casa-pronta\/contato\/","title":{"rendered":"Contact"},"content":{"rendered":"<div data-elementor-type=\"wp-page\" data-elementor-id=\"12041\" class=\"elementor elementor-12041\" data-elementor-post-type=\"page\">\n\t\t\t\t\t\t<section class=\"elementor-section elementor-top-section elementor-element elementor-element-a37166b elementor-section-height-min-height elementor-section-content-middle elementor-section-boxed elementor-section-height-default elementor-section-items-middle\" data-id=\"a37166b\" data-element_type=\"section\" data-settings=\"{&quot;background_background&quot;:&quot;classic&quot;}\">\n\t\t\t\t\t\t\t<div class=\"elementor-background-overlay\"><\/div>\n\t\t\t\t\t\t\t<div class=\"elementor-container elementor-column-gap-default\">\n\t\t\t\t\t<div class=\"elementor-column elementor-col-100 elementor-top-column elementor-element elementor-element-37d106b\" data-id=\"37d106b\" data-element_type=\"column\">\n\t\t\t<div class=\"elementor-widget-wrap elementor-element-populated\">\n\t\t\t\t\t\t<div class=\"elementor-element elementor-element-9ebffc1 elementor-widget elementor-widget-heading\" data-id=\"9ebffc1\" data-element_type=\"widget\" data-widget_type=\"heading.default\">\n\t\t\t\t<div class=\"elementor-widget-container\">\n\t\t\t\t\t<h2 class=\"elementor-heading-title elementor-size-default\">Entre em Contato<\/h2>\t\t\t\t<\/div>\n\t\t\t\t<\/div>\n\t\t\t\t<div class=\"elementor-element elementor-element-dc6d70e elementor-widget elementor-widget-text-editor\" data-id=\"dc6d70e\" data-element_type=\"widget\" data-widget_type=\"text-editor.default\">\n\t\t\t\t<div class=\"elementor-widget-container\">\n\t\t\t\t\t\t\t\t\t<p>Estamos aqui para responder a todas as suas perguntas e ajudar voc\u00ea<\/p>\t\t\t\t\t\t\t\t<\/div>\n\t\t\t\t<\/div>\n\t\t\t\t\t<\/div>\n\t\t<\/div>\n\t\t\t\t\t<\/div>\n\t\t<\/section>\n\t\t\t\t<section class=\"elementor-section elementor-top-section elementor-element elementor-element-fe95f1d elementor-section-boxed elementor-section-height-default elementor-section-height-default\" data-id=\"fe95f1d\" data-element_type=\"section\" data-settings=\"{&quot;background_background&quot;:&quot;classic&quot;}\">\n\t\t\t\t\t\t<div class=\"elementor-container elementor-column-gap-default\">\n\t\t\t\t\t<div class=\"elementor-column elementor-col-100 elementor-top-column elementor-element elementor-element-e5b645b\" data-id=\"e5b645b\" data-element_type=\"column\">\n\t\t\t<div class=\"elementor-widget-wrap elementor-element-populated\">\n\t\t\t\t\t\t<div class=\"elementor-element elementor-element-ce155cd elementor-widget elementor-widget-heading\" data-id=\"ce155cd\" data-element_type=\"widget\" data-widget_type=\"heading.default\">\n\t\t\t\t<div class=\"elementor-widget-container\">\n\t\t\t\t\t<h2 class=\"elementor-heading-title elementor-size-default\">Preencha o formul\u00e1rio abaixo para entrar em contato conosco\n<\/h2>\t\t\t\t<\/div>\n\t\t\t\t<\/div>\n\t\t\t\t<section class=\"elementor-section elementor-inner-section elementor-element elementor-element-df62817 elementor-section-boxed elementor-section-height-default elementor-section-height-default\" data-id=\"df62817\" data-element_type=\"section\">\n\t\t\t\t\t\t<div class=\"elementor-container elementor-column-gap-default\">\n\t\t\t\t\t<div class=\"elementor-column elementor-col-33 elementor-inner-column elementor-element elementor-element-62c67a3\" data-id=\"62c67a3\" data-element_type=\"column\" data-settings=\"{&quot;background_background&quot;:&quot;classic&quot;}\">\n\t\t\t<div class=\"elementor-widget-wrap elementor-element-populated\">\n\t\t\t\t\t\t<div class=\"elementor-element elementor-element-08a4711 elementor-view-default elementor-widget elementor-widget-icon\" data-id=\"08a4711\" data-element_type=\"widget\" data-widget_type=\"icon.default\">\n\t\t\t\t<div class=\"elementor-widget-container\">\n\t\t\t\t\t\t\t<div class=\"elementor-icon-wrapper\">\n\t\t\t<div class=\"elementor-icon\">\n\t\t\t<i aria-hidden=\"true\" class=\"fas fa-mobile-alt\"><\/i>\t\t\t<\/div>\n\t\t<\/div>\n\t\t\t\t\t\t<\/div>\n\t\t\t\t<\/div>\n\t\t\t\t<div class=\"elementor-element elementor-element-6bc8a11 elementor-widget elementor-widget-heading\" data-id=\"6bc8a11\" data-element_type=\"widget\" data-widget_type=\"heading.default\">\n\t\t\t\t<div class=\"elementor-widget-container\">\n\t\t\t\t\t<h6 class=\"elementor-heading-title elementor-size-default\">Contact<\/h6>\t\t\t\t<\/div>\n\t\t\t\t<\/div>\n\t\t\t\t<div class=\"elementor-element elementor-element-5b91f30c elementor-widget elementor-widget-text-editor\" data-id=\"5b91f30c\" data-element_type=\"widget\" data-widget_type=\"text-editor.default\">\n\t\t\t\t<div class=\"elementor-widget-container\">\n\t\t\t\t\t\t\t\t\tTelefone: (19) 2660-2594 <br>\nE-mail: atendimento@cracto.com.br\t\t\t\t\t\t\t\t<\/div>\n\t\t\t\t<\/div>\n\t\t\t\t\t<\/div>\n\t\t<\/div>\n\t\t\t\t<div class=\"elementor-column elementor-col-33 elementor-inner-column elementor-element elementor-element-428b5d4\" data-id=\"428b5d4\" data-element_type=\"column\" data-settings=\"{&quot;background_background&quot;:&quot;classic&quot;}\">\n\t\t\t<div class=\"elementor-widget-wrap elementor-element-populated\">\n\t\t\t\t\t\t<div class=\"elementor-element elementor-element-5154528 elementor-view-default elementor-widget elementor-widget-icon\" data-id=\"5154528\" data-element_type=\"widget\" data-widget_type=\"icon.default\">\n\t\t\t\t<div class=\"elementor-widget-container\">\n\t\t\t\t\t\t\t<div class=\"elementor-icon-wrapper\">\n\t\t\t<div class=\"elementor-icon\">\n\t\t\t<i aria-hidden=\"true\" class=\"far fa-clock\"><\/i>\t\t\t<\/div>\n\t\t<\/div>\n\t\t\t\t\t\t<\/div>\n\t\t\t\t<\/div>\n\t\t\t\t<div class=\"elementor-element elementor-element-200a946 elementor-widget elementor-widget-heading\" data-id=\"200a946\" data-element_type=\"widget\" data-widget_type=\"heading.default\">\n\t\t\t\t<div class=\"elementor-widget-container\">\n\t\t\t\t\t<h6 class=\"elementor-heading-title elementor-size-default\">Expediente<\/h6>\t\t\t\t<\/div>\n\t\t\t\t<\/div>\n\t\t\t\t<div class=\"elementor-element elementor-element-1b29b4d elementor-widget elementor-widget-text-editor\" data-id=\"1b29b4d\" data-element_type=\"widget\" data-widget_type=\"text-editor.default\">\n\t\t\t\t<div class=\"elementor-widget-container\">\n\t\t\t\t\t\t\t\t\tSegunda \u00e0 Sexta <br>\nDas 9:00 \u00e0s 18:00\t\t\t\t\t\t\t\t<\/div>\n\t\t\t\t<\/div>\n\t\t\t\t\t<\/div>\n\t\t<\/div>\n\t\t\t\t<div class=\"elementor-column elementor-col-33 elementor-inner-column elementor-element elementor-element-ba51a78\" data-id=\"ba51a78\" data-element_type=\"column\" data-settings=\"{&quot;background_background&quot;:&quot;classic&quot;}\">\n\t\t\t<div class=\"elementor-widget-wrap elementor-element-populated\">\n\t\t\t\t\t\t<div class=\"elementor-element elementor-element-a86c7ad elementor-view-default elementor-widget elementor-widget-icon\" data-id=\"a86c7ad\" data-element_type=\"widget\" data-widget_type=\"icon.default\">\n\t\t\t\t<div class=\"elementor-widget-container\">\n\t\t\t\t\t\t\t<div class=\"elementor-icon-wrapper\">\n\t\t\t<div class=\"elementor-icon\">\n\t\t\t<i aria-hidden=\"true\" class=\"far fa-map\"><\/i>\t\t\t<\/div>\n\t\t<\/div>\n\t\t\t\t\t\t<\/div>\n\t\t\t\t<\/div>\n\t\t\t\t<div class=\"elementor-element elementor-element-182ab21 elementor-widget elementor-widget-heading\" data-id=\"182ab21\" data-element_type=\"widget\" data-widget_type=\"heading.default\">\n\t\t\t\t<div class=\"elementor-widget-container\">\n\t\t\t\t\t<h6 class=\"elementor-heading-title elementor-size-default\">Address<\/h6>\t\t\t\t<\/div>\n\t\t\t\t<\/div>\n\t\t\t\t<div class=\"elementor-element elementor-element-657029a elementor-widget elementor-widget-text-editor\" data-id=\"657029a\" data-element_type=\"widget\" data-widget_type=\"text-editor.default\">\n\t\t\t\t<div class=\"elementor-widget-container\">\n\t\t\t\t\t\t\t\t\t<p>Rua Jorge Tibiri\u00e7\u00e1, 85, Centro, Esp\u00edrito Santo do Pinhal \u2013 SP\u200b<\/p>\t\t\t\t\t\t\t\t<\/div>\n\t\t\t\t<\/div>\n\t\t\t\t\t<\/div>\n\t\t<\/div>\n\t\t\t\t\t<\/div>\n\t\t<\/section>\n\t\t\t\t<section class=\"elementor-section elementor-inner-section elementor-element elementor-element-7d1ff33 elementor-section-boxed elementor-section-height-default elementor-section-height-default\" data-id=\"7d1ff33\" data-element_type=\"section\">\n\t\t\t\t\t\t<div class=\"elementor-container elementor-column-gap-default\">\n\t\t\t\t\t<div class=\"elementor-column elementor-col-100 elementor-inner-column elementor-element elementor-element-3860658\" data-id=\"3860658\" data-element_type=\"column\" data-settings=\"{&quot;background_background&quot;:&quot;classic&quot;}\">\n\t\t\t<div class=\"elementor-widget-wrap elementor-element-populated\">\n\t\t\t\t\t\t<div class=\"elementor-element elementor-element-1195467d elementor-button-align-end elementor-mobile-button-align-center elementor-widget__width-initial elementor-widget-tablet__width-inherit elementor-widget elementor-widget-form\" data-id=\"1195467d\" data-element_type=\"widget\" data-settings=\"{&quot;step_next_label&quot;:&quot;Pr\\u00f3ximo&quot;,&quot;step_previous_label&quot;:&quot;Anterior&quot;,&quot;button_width&quot;:&quot;100&quot;,&quot;step_type&quot;:&quot;number_text&quot;,&quot;step_icon_shape&quot;:&quot;circle&quot;}\" data-widget_type=\"form.default\">\n\t\t\t\t<div class=\"elementor-widget-container\">\n\t\t\t\t\t\t\t<form class=\"elementor-form\" method=\"post\" name=\"Contato\" action=\"\">\n\t\t\t<input type=\"hidden\" name=\"post_id\" value=\"12041\"\/>\n\t\t\t<input type=\"hidden\" name=\"form_id\" value=\"1195467d\"\/>\n\t\t\t<input type=\"hidden\" name=\"referer_title\" value=\"Cracto\" \/>\n\n\t\t\t\n\t\t\t<div class=\"elementor-form-fields-wrapper elementor-labels-above\">\n\t\t\t\t\t\t\t\t<div class=\"elementor-field-type-text elementor-field-group elementor-column elementor-field-group-name elementor-col-50 elementor-field-required\">\n\t\t\t\t\t\t\t\t\t\t\t\t<label for=\"form-field-name\" class=\"elementor-field-label\">\n\t\t\t\t\t\t\t\tNome\t\t\t\t\t\t\t<\/label>\n\t\t\t\t\t\t\t\t\t\t\t\t\t\t<input size=\"1\" type=\"text\" name=\"form_fields[name]\" id=\"form-field-name\" class=\"elementor-field elementor-size-sm  elementor-field-textual\" required=\"required\" aria-required=\"true\">\n\t\t\t\t\t\t\t\t\t\t\t<\/div>\n\t\t\t\t\t\t\t\t<div class=\"elementor-field-type-text elementor-field-group elementor-column elementor-field-group-last_name elementor-col-50 elementor-field-required\">\n\t\t\t\t\t\t\t\t\t\t\t\t<label for=\"form-field-last_name\" class=\"elementor-field-label\">\n\t\t\t\t\t\t\t\tSobrenome\t\t\t\t\t\t\t<\/label>\n\t\t\t\t\t\t\t\t\t\t\t\t\t\t<input size=\"1\" type=\"text\" name=\"form_fields[last_name]\" id=\"form-field-last_name\" class=\"elementor-field elementor-size-sm  elementor-field-textual\" required=\"required\" aria-required=\"true\">\n\t\t\t\t\t\t\t\t\t\t\t<\/div>\n\t\t\t\t\t\t\t\t<div class=\"elementor-field-type-email elementor-field-group elementor-column elementor-field-group-email elementor-col-50 elementor-field-required\">\n\t\t\t\t\t\t\t\t\t\t\t\t<label for=\"form-field-email\" class=\"elementor-field-label\">\n\t\t\t\t\t\t\t\tE-mail\t\t\t\t\t\t\t<\/label>\n\t\t\t\t\t\t\t\t\t\t\t\t\t\t<input size=\"1\" type=\"email\" name=\"form_fields[email]\" id=\"form-field-email\" class=\"elementor-field elementor-size-sm  elementor-field-textual\" required=\"required\" aria-required=\"true\">\n\t\t\t\t\t\t\t\t\t\t\t<\/div>\n\t\t\t\t\t\t\t\t<div class=\"elementor-field-type-text elementor-field-group elementor-column elementor-field-group-phone elementor-col-50 elementor-field-required\">\n\t\t\t\t\t\t\t\t\t\t\t\t<label for=\"form-field-phone\" class=\"elementor-field-label\">\n\t\t\t\t\t\t\t\tPhone\t\t\t\t\t\t\t<\/label>\n\t\t\t\t\t\t\t\t\t\t\t\t\t\t<input size=\"1\" type=\"text\" name=\"form_fields[phone]\" id=\"form-field-phone\" class=\"elementor-field elementor-size-sm  elementor-field-textual\" required=\"required\" aria-required=\"true\">\n\t\t\t\t\t\t\t\t\t\t\t<\/div>\n\t\t\t\t\t\t\t\t<div class=\"elementor-field-type-textarea elementor-field-group elementor-column elementor-field-group-6ed25c0 elementor-col-100 elementor-field-required\">\n\t\t\t\t\t\t\t\t\t\t\t\t<label for=\"form-field-6ed25c0\" class=\"elementor-field-label\">\n\t\t\t\t\t\t\t\tMensagem\t\t\t\t\t\t\t<\/label>\n\t\t\t\t\t\t<textarea class=\"elementor-field-textual elementor-field  elementor-size-sm\" name=\"form_fields[6ed25c0]\" id=\"form-field-6ed25c0\" rows=\"5\" placeholder=\"Digite sua mensagem...\" required=\"required\" aria-required=\"true\"><\/textarea>\t\t\t\t<\/div>\n\t\t\t\t\t\t\t\t<div class=\"elementor-field-type-acceptance elementor-field-group elementor-column elementor-field-group-terms elementor-col-100 elementor-field-required\">\n\t\t\t\t\t\t\t<div class=\"elementor-field-subgroup\">\n\t\t\t<span class=\"elementor-field-option\">\n\t\t\t\t<input type=\"checkbox\" name=\"form_fields[terms]\" id=\"form-field-terms\" class=\"elementor-field elementor-size-sm  elementor-acceptance-field\" required=\"required\" aria-required=\"true\">\n\t\t\t\t<label for=\"form-field-terms\">Aceito os <a href=\"https:\/\/cracto.com.br\/en\/termos-e-condicoes-br\/\">Termos e Condi\u00e7\u00f5es<\/a>.<\/label>\t\t\t<\/span>\n\t\t<\/div>\n\t\t\t\t\t\t<\/div>\n\t\t\t\t\t\t\t\t<div class=\"elementor-field-group elementor-column elementor-field-type-submit elementor-col-100 e-form__buttons\">\n\t\t\t\t\t<button class=\"elementor-button elementor-size-md\" type=\"submit\">\n\t\t\t\t\t\t<span class=\"elementor-button-content-wrapper\">\n\t\t\t\t\t\t\t\t\t\t\t\t\t\t\t\t\t\t\t\t\t\t<span class=\"elementor-button-text\">Enviar<\/span>\n\t\t\t\t\t\t\t\t\t\t\t\t\t<\/span>\n\t\t\t\t\t<\/button>\n\t\t\t\t<\/div>\n\t\t\t<\/div>\n\t\t<input type=\"hidden\" name=\"trp-form-language\" value=\"en\"\/><\/form>\n\t\t\t\t\t\t<\/div>\n\t\t\t\t<\/div>\n\t\t\t\t<div class=\"elementor-element elementor-element-50a8668c elementor-widget__width-initial elementor-widget-tablet__width-inherit elementor-widget elementor-widget-google_maps\" data-id=\"50a8668c\" data-element_type=\"widget\" data-widget_type=\"google_maps.default\">\n\t\t\t\t<div class=\"elementor-widget-container\">\n\t\t\t\t\t\t\t<div class=\"elementor-custom-embed\">\n\t\t\t<iframe\n\t\t\t\t\tdata-src=\"https:\/\/maps.google.com\/maps?q=Cracto%20Engenharia&#038;t=m&#038;z=18&#038;output=embed&#038;iwloc=near\"\n\t\t\t\t\ttitle=\"Cracto Engenharia\"\n\t\t\t\t\taria-label=\"Cracto Engenharia\"\n\t\t\t src=\"data:image\/gif;base64,R0lGODlhAQABAAAAACH5BAEKAAEALAAAAAABAAEAAAICTAEAOw==\" class=\"lazyload\" data-load-mode=\"1\"><\/iframe>\n\t\t<\/div>\n\t\t\t\t\t\t<\/div>\n\t\t\t\t<\/div>\n\t\t\t\t\t<\/div>\n\t\t<\/div>\n\t\t\t\t\t<\/div>\n\t\t<\/section>\n\t\t\t\t\t<\/div>\n\t\t<\/div>\n\t\t\t\t\t<\/div>\n\t\t<\/section>\n\t\t\t\t<\/div>","protected":false},"excerpt":{"rendered":"<p>Entre em Contato Estamos aqui para responder a todas as suas perguntas e ajudar voc\u00ea Preencha o formul\u00e1rio abaixo para entrar em contato conosco Contato Telefone: (19) 2660-2594 E-mail: atendimento@cracto.com.br Expediente Segunda \u00e0 Sexta Das 9:00 \u00e0s 18:00 Endere\u00e7o Rua Jorge Tibiri\u00e7\u00e1, 85, Centro, Esp\u00edrito Santo do Pinhal \u2013 SP\u200b<\/p>","protected":false},"author":12,"featured_media":0,"parent":3625,"menu_order":0,"comment_status":"closed","ping_status":"closed","template":"elementor_header_footer","meta":{"_joinchat":[],"footnotes":""},"class_list":["post-12041","page","type-page","status-publish","hentry"],"yoast_head":"<!-- This site is optimized with the Yoast SEO plugin v27.2 - https:\/\/yoast.com\/product\/yoast-seo-wordpress\/ -->\n<title>Contato - Cracto<\/title>\n<meta name=\"description\" content=\"Entre em contato conosco! Tire suas d\u00favidas, envie sugest\u00f5es ou solicite informa\u00e7\u00f5es sobre nossos produtos e servi\u00e7os. Estamos prontos para ajudar.\" \/>\n<meta name=\"robots\" content=\"index, follow, max-snippet:-1, max-image-preview:large, max-video-preview:-1\" \/>\n<link rel=\"canonical\" href=\"https:\/\/cracto.com.br\/en\/casa-pronta\/contato\/\" \/>\n<meta property=\"og:locale\" content=\"en_US\" \/>\n<meta property=\"og:type\" content=\"article\" \/>\n<meta property=\"og:title\" content=\"Contato - Cracto\" \/>\n<meta property=\"og:description\" content=\"Entre em contato conosco! Tire suas d\u00favidas, envie sugest\u00f5es ou solicite informa\u00e7\u00f5es sobre nossos produtos e servi\u00e7os. Estamos prontos para ajudar.\" \/>\n<meta property=\"og:url\" content=\"https:\/\/cracto.com.br\/en\/casa-pronta\/contato\/\" \/>\n<meta property=\"og:site_name\" content=\"Cracto\" \/>\n<meta property=\"article:modified_time\" content=\"2024-11-26T15:30:19+00:00\" \/>\n<meta name=\"twitter:card\" content=\"summary_large_image\" \/>\n<meta name=\"twitter:label1\" content=\"Est. reading time\" \/>\n\t<meta name=\"twitter:data1\" content=\"1 minute\" \/>\n<script type=\"application\/ld+json\" class=\"yoast-schema-graph\">{\"@context\":\"https:\/\/schema.org\",\"@graph\":[{\"@type\":\"WebPage\",\"@id\":\"https:\/\/cracto.com.br\/casa-pronta\/contato\/\",\"url\":\"https:\/\/cracto.com.br\/casa-pronta\/contato\/\",\"name\":\"Contato - Cracto\",\"isPartOf\":{\"@id\":\"https:\/\/cracto.com.br\/#website\"},\"datePublished\":\"2024-04-12T11:43:51+00:00\",\"dateModified\":\"2024-11-26T15:30:19+00:00\",\"description\":\"Entre em contato conosco! Tire suas d\u00favidas, envie sugest\u00f5es ou solicite informa\u00e7\u00f5es sobre nossos produtos e servi\u00e7os. Estamos prontos para ajudar.\",\"breadcrumb\":{\"@id\":\"https:\/\/cracto.com.br\/casa-pronta\/contato\/#breadcrumb\"},\"inLanguage\":\"en-US\",\"potentialAction\":[{\"@type\":\"ReadAction\",\"target\":[\"https:\/\/cracto.com.br\/casa-pronta\/contato\/\"]}]},{\"@type\":\"BreadcrumbList\",\"@id\":\"https:\/\/cracto.com.br\/casa-pronta\/contato\/#breadcrumb\",\"itemListElement\":[{\"@type\":\"ListItem\",\"position\":1,\"name\":\"In\u00edcio\",\"item\":\"https:\/\/cracto.com.br\/\"},{\"@type\":\"ListItem\",\"position\":2,\"name\":\"Casa Pronta\",\"item\":\"https:\/\/cracto.com.br\/casa-pronta\/\"},{\"@type\":\"ListItem\",\"position\":3,\"name\":\"Contato\"}]},{\"@type\":\"WebSite\",\"@id\":\"https:\/\/cracto.com.br\/#website\",\"url\":\"https:\/\/cracto.com.br\/\",\"name\":\"Cracto\",\"description\":\"Construtora e Servi\u00e7os de Engenharia\",\"publisher\":{\"@id\":\"https:\/\/cracto.com.br\/#organization\"},\"potentialAction\":[{\"@type\":\"SearchAction\",\"target\":{\"@type\":\"EntryPoint\",\"urlTemplate\":\"https:\/\/cracto.com.br\/?s={search_term_string}\"},\"query-input\":{\"@type\":\"PropertyValueSpecification\",\"valueRequired\":true,\"valueName\":\"search_term_string\"}}],\"inLanguage\":\"en-US\"},{\"@type\":\"Organization\",\"@id\":\"https:\/\/cracto.com.br\/#organization\",\"name\":\"Cracto\",\"url\":\"https:\/\/cracto.com.br\/\",\"logo\":{\"@type\":\"ImageObject\",\"inLanguage\":\"en-US\",\"@id\":\"https:\/\/cracto.com.br\/#\/schema\/logo\/image\/\",\"url\":\"https:\/\/cracto.com.br\/wp-content\/uploads\/2021\/08\/Cracto_logo-Azul-Holding.png\",\"contentUrl\":\"https:\/\/cracto.com.br\/wp-content\/uploads\/2021\/08\/Cracto_logo-Azul-Holding.png\",\"width\":2001,\"height\":763,\"caption\":\"Cracto\"},\"image\":{\"@id\":\"https:\/\/cracto.com.br\/#\/schema\/logo\/image\/\"}}]}<\/script>\n<!-- \/ Yoast SEO plugin. -->","yoast_head_json":{"title":"Contato - Cracto","description":"Entre em contato conosco! Tire suas d\u00favidas, envie sugest\u00f5es ou solicite informa\u00e7\u00f5es sobre nossos produtos e servi\u00e7os. Estamos prontos para ajudar.","robots":{"index":"index","follow":"follow","max-snippet":"max-snippet:-1","max-image-preview":"max-image-preview:large","max-video-preview":"max-video-preview:-1"},"canonical":"https:\/\/cracto.com.br\/en\/casa-pronta\/contato\/","og_locale":"en_US","og_type":"article","og_title":"Contato - Cracto","og_description":"Entre em contato conosco! Tire suas d\u00favidas, envie sugest\u00f5es ou solicite informa\u00e7\u00f5es sobre nossos produtos e servi\u00e7os. Estamos prontos para ajudar.","og_url":"https:\/\/cracto.com.br\/en\/casa-pronta\/contato\/","og_site_name":"Cracto","article_modified_time":"2024-11-26T15:30:19+00:00","twitter_card":"summary_large_image","twitter_misc":{"Est. reading time":"1 minute"},"schema":{"@context":"https:\/\/schema.org","@graph":[{"@type":"WebPage","@id":"https:\/\/cracto.com.br\/casa-pronta\/contato\/","url":"https:\/\/cracto.com.br\/casa-pronta\/contato\/","name":"Contato - Cracto","isPartOf":{"@id":"https:\/\/cracto.com.br\/#website"},"datePublished":"2024-04-12T11:43:51+00:00","dateModified":"2024-11-26T15:30:19+00:00","description":"Entre em contato conosco! Tire suas d\u00favidas, envie sugest\u00f5es ou solicite informa\u00e7\u00f5es sobre nossos produtos e servi\u00e7os. Estamos prontos para ajudar.","breadcrumb":{"@id":"https:\/\/cracto.com.br\/casa-pronta\/contato\/#breadcrumb"},"inLanguage":"en-US","potentialAction":[{"@type":"ReadAction","target":["https:\/\/cracto.com.br\/casa-pronta\/contato\/"]}]},{"@type":"BreadcrumbList","@id":"https:\/\/cracto.com.br\/casa-pronta\/contato\/#breadcrumb","itemListElement":[{"@type":"ListItem","position":1,"name":"In\u00edcio","item":"https:\/\/cracto.com.br\/"},{"@type":"ListItem","position":2,"name":"Casa Pronta","item":"https:\/\/cracto.com.br\/casa-pronta\/"},{"@type":"ListItem","position":3,"name":"Contato"}]},{"@type":"WebSite","@id":"https:\/\/cracto.com.br\/#website","url":"https:\/\/cracto.com.br\/","name":"Cracto","description":"Construtora e Servi\u00e7os de Engenharia","publisher":{"@id":"https:\/\/cracto.com.br\/#organization"},"potentialAction":[{"@type":"SearchAction","target":{"@type":"EntryPoint","urlTemplate":"https:\/\/cracto.com.br\/?s={search_term_string}"},"query-input":{"@type":"PropertyValueSpecification","valueRequired":true,"valueName":"search_term_string"}}],"inLanguage":"en-US"},{"@type":"Organization","@id":"https:\/\/cracto.com.br\/#organization","name":"Cracto","url":"https:\/\/cracto.com.br\/","logo":{"@type":"ImageObject","inLanguage":"en-US","@id":"https:\/\/cracto.com.br\/#\/schema\/logo\/image\/","url":"https:\/\/cracto.com.br\/wp-content\/uploads\/2021\/08\/Cracto_logo-Azul-Holding.png","contentUrl":"https:\/\/cracto.com.br\/wp-content\/uploads\/2021\/08\/Cracto_logo-Azul-Holding.png","width":2001,"height":763,"caption":"Cracto"},"image":{"@id":"https:\/\/cracto.com.br\/#\/schema\/logo\/image\/"}}]}},"_links":{"self":[{"href":"https:\/\/cracto.com.br\/en\/wp-json\/wp\/v2\/pages\/12041","targetHints":{"allow":["GET"]}}],"collection":[{"href":"https:\/\/cracto.com.br\/en\/wp-json\/wp\/v2\/pages"}],"about":[{"href":"https:\/\/cracto.com.br\/en\/wp-json\/wp\/v2\/types\/page"}],"author":[{"embeddable":true,"href":"https:\/\/cracto.com.br\/en\/wp-json\/wp\/v2\/users\/12"}],"replies":[{"embeddable":true,"href":"https:\/\/cracto.com.br\/en\/wp-json\/wp\/v2\/comments?post=12041"}],"version-history":[{"count":120,"href":"https:\/\/cracto.com.br\/en\/wp-json\/wp\/v2\/pages\/12041\/revisions"}],"predecessor-version":[{"id":13749,"href":"https:\/\/cracto.com.br\/en\/wp-json\/wp\/v2\/pages\/12041\/revisions\/13749"}],"up":[{"embeddable":true,"href":"https:\/\/cracto.com.br\/en\/wp-json\/wp\/v2\/pages\/3625"}],"wp:attachment":[{"href":"https:\/\/cracto.com.br\/en\/wp-json\/wp\/v2\/media?parent=12041"}],"curies":[{"name":"wp","href":"https:\/\/api.w.org\/{rel}","templated":true}]}}