{"id":11639,"date":"2024-03-13T10:46:06","date_gmt":"2024-03-13T13:46:06","guid":{"rendered":"https:\/\/cracto.com.br\/?page_id=11639"},"modified":"2024-11-26T11:36:21","modified_gmt":"2024-11-26T14:36:21","slug":"carrinho","status":"publish","type":"page","link":"https:\/\/cracto.com.br\/en\/casa-pronta\/carrinho\/","title":{"rendered":"Carrinho"},"content":{"rendered":"<div data-elementor-type=\"wp-page\" data-elementor-id=\"11639\" class=\"elementor elementor-11639\" data-elementor-post-type=\"page\">\n\t\t\t\t\t\t<section class=\"elementor-section elementor-top-section elementor-element elementor-element-2553055 elementor-section-height-min-height elementor-section-content-middle elementor-section-boxed elementor-section-height-default elementor-section-items-middle\" data-id=\"2553055\" data-element_type=\"section\" data-settings=\"{&quot;background_background&quot;:&quot;classic&quot;}\">\n\t\t\t\t\t\t\t<div class=\"elementor-background-overlay\"><\/div>\n\t\t\t\t\t\t\t<div class=\"elementor-container elementor-column-gap-default\">\n\t\t\t\t\t<div class=\"elementor-column elementor-col-100 elementor-top-column elementor-element elementor-element-8801847\" data-id=\"8801847\" data-element_type=\"column\">\n\t\t\t<div class=\"elementor-widget-wrap elementor-element-populated\">\n\t\t\t\t\t\t<div class=\"elementor-element elementor-element-ae93bc0 elementor-widget elementor-widget-heading\" data-id=\"ae93bc0\" data-element_type=\"widget\" data-widget_type=\"heading.default\">\n\t\t\t\t<div class=\"elementor-widget-container\">\n\t\t\t\t\t<h2 class=\"elementor-heading-title elementor-size-default\">Carrinho<\/h2>\t\t\t\t<\/div>\n\t\t\t\t<\/div>\n\t\t\t\t<div class=\"elementor-element elementor-element-5cc77f3 elementor-align-left elementor-mobile-align-left elementor-icon-list--layout-traditional elementor-list-item-link-full_width elementor-widget elementor-widget-icon-list\" data-id=\"5cc77f3\" data-element_type=\"widget\" data-widget_type=\"icon-list.default\">\n\t\t\t\t<div class=\"elementor-widget-container\">\n\t\t\t\t\t\t\t<ul class=\"elementor-icon-list-items\">\n\t\t\t\t\t\t\t<li class=\"elementor-icon-list-item\">\n\t\t\t\t\t\t\t\t\t\t\t<span class=\"elementor-icon-list-icon\">\n\t\t\t\t\t\t\t<i aria-hidden=\"true\" class=\"fas fa-lock\"><\/i>\t\t\t\t\t\t<\/span>\n\t\t\t\t\t\t\t\t\t\t<span class=\"elementor-icon-list-text\">Protegido por SSL<\/span>\n\t\t\t\t\t\t\t\t\t<\/li>\n\t\t\t\t\t\t\t\t<li class=\"elementor-icon-list-item\">\n\t\t\t\t\t\t\t\t\t\t\t<span class=\"elementor-icon-list-icon\">\n\t\t\t\t\t\t\t<i aria-hidden=\"true\" class=\"fas fa-check-circle\"><\/i>\t\t\t\t\t\t<\/span>\n\t\t\t\t\t\t\t\t\t\t<span class=\"elementor-icon-list-text\">Cancelamento Gratuito<\/span>\n\t\t\t\t\t\t\t\t\t<\/li>\n\t\t\t\t\t\t<\/ul>\n\t\t\t\t\t\t<\/div>\n\t\t\t\t<\/div>\n\t\t\t\t\t<\/div>\n\t\t<\/div>\n\t\t\t\t\t<\/div>\n\t\t<\/section>\n\t\t\t\t<section class=\"elementor-section elementor-top-section elementor-element elementor-element-e2277da elementor-section-boxed elementor-section-height-default elementor-section-height-default\" data-id=\"e2277da\" data-element_type=\"section\" data-settings=\"{&quot;background_background&quot;:&quot;classic&quot;}\">\n\t\t\t\t\t\t<div class=\"elementor-container elementor-column-gap-narrow\">\n\t\t\t\t\t<div class=\"elementor-column elementor-col-100 elementor-top-column elementor-element elementor-element-cfb16fe\" data-id=\"cfb16fe\" data-element_type=\"column\">\n\t\t\t<div class=\"elementor-widget-wrap elementor-element-populated\">\n\t\t\t\t\t\t<section class=\"elementor-section elementor-inner-section elementor-element elementor-element-2dff05f elementor-section-content-bottom elementor-section-boxed elementor-section-height-default elementor-section-height-default\" data-id=\"2dff05f\" data-element_type=\"section\">\n\t\t\t\t\t\t<div class=\"elementor-container elementor-column-gap-default\">\n\t\t\t\t\t<div class=\"elementor-column elementor-col-100 elementor-inner-column elementor-element elementor-element-af96e86\" data-id=\"af96e86\" data-element_type=\"column\">\n\t\t\t<div class=\"elementor-widget-wrap elementor-element-populated\">\n\t\t\t\t\t\t<div class=\"elementor-element elementor-element-2158194 elementor-widget__width-auto elementor-icon-list--layout-traditional elementor-list-item-link-full_width elementor-widget elementor-widget-icon-list\" data-id=\"2158194\" data-element_type=\"widget\" data-widget_type=\"icon-list.default\">\n\t\t\t\t<div class=\"elementor-widget-container\">\n\t\t\t\t\t\t\t<ul class=\"elementor-icon-list-items\">\n\t\t\t\t\t\t\t<li class=\"elementor-icon-list-item\">\n\t\t\t\t\t\t\t\t\t\t\t<span class=\"elementor-icon-list-icon\">\n\t\t\t\t\t\t\t<i aria-hidden=\"true\" class=\"far fa-dot-circle\"><\/i>\t\t\t\t\t\t<\/span>\n\t\t\t\t\t\t\t\t\t\t<span class=\"elementor-icon-list-text\">Carrinho<\/span>\n\t\t\t\t\t\t\t\t\t<\/li>\n\t\t\t\t\t\t<\/ul>\n\t\t\t\t\t\t<\/div>\n\t\t\t\t<\/div>\n\t\t\t\t<div class=\"elementor-element elementor-element-09c7930 elementor-widget__width-auto elementor-widget-divider--view-line elementor-widget elementor-widget-divider\" data-id=\"09c7930\" data-element_type=\"widget\" data-widget_type=\"divider.default\">\n\t\t\t\t<div class=\"elementor-widget-container\">\n\t\t\t\t\t\t\t<div class=\"elementor-divider\">\n\t\t\t<span class=\"elementor-divider-separator\">\n\t\t\t\t\t\t<\/span>\n\t\t<\/div>\n\t\t\t\t\t\t<\/div>\n\t\t\t\t<\/div>\n\t\t\t\t<div class=\"elementor-element elementor-element-e1943d9 elementor-widget__width-auto elementor-icon-list--layout-traditional elementor-list-item-link-full_width elementor-widget elementor-widget-icon-list\" data-id=\"e1943d9\" data-element_type=\"widget\" data-widget_type=\"icon-list.default\">\n\t\t\t\t<div class=\"elementor-widget-container\">\n\t\t\t\t\t\t\t<ul class=\"elementor-icon-list-items\">\n\t\t\t\t\t\t\t<li class=\"elementor-icon-list-item\">\n\t\t\t\t\t\t\t\t\t\t\t<a href=\"https:\/\/cracto.com.br\/en\/casa-pronta\/informacoes\/\">\n\n\t\t\t\t\t\t\t\t\t\t\t\t<span class=\"elementor-icon-list-icon\">\n\t\t\t\t\t\t\t<i aria-hidden=\"true\" class=\"far fa-circle\"><\/i>\t\t\t\t\t\t<\/span>\n\t\t\t\t\t\t\t\t\t\t<span class=\"elementor-icon-list-text\">Informa\u00e7\u00f5es<\/span>\n\t\t\t\t\t\t\t\t\t\t\t<\/a>\n\t\t\t\t\t\t\t\t\t<\/li>\n\t\t\t\t\t\t<\/ul>\n\t\t\t\t\t\t<\/div>\n\t\t\t\t<\/div>\n\t\t\t\t<div class=\"elementor-element elementor-element-ae9eb88 elementor-widget__width-auto elementor-widget-divider--view-line elementor-widget elementor-widget-divider\" data-id=\"ae9eb88\" data-element_type=\"widget\" data-widget_type=\"divider.default\">\n\t\t\t\t<div class=\"elementor-widget-container\">\n\t\t\t\t\t\t\t<div class=\"elementor-divider\">\n\t\t\t<span class=\"elementor-divider-separator\">\n\t\t\t\t\t\t<\/span>\n\t\t<\/div>\n\t\t\t\t\t\t<\/div>\n\t\t\t\t<\/div>\n\t\t\t\t<div class=\"elementor-element elementor-element-7be7986 elementor-widget__width-auto elementor-icon-list--layout-traditional elementor-list-item-link-full_width elementor-widget elementor-widget-icon-list\" data-id=\"7be7986\" data-element_type=\"widget\" data-widget_type=\"icon-list.default\">\n\t\t\t\t<div class=\"elementor-widget-container\">\n\t\t\t\t\t\t\t<ul class=\"elementor-icon-list-items\">\n\t\t\t\t\t\t\t<li class=\"elementor-icon-list-item\">\n\t\t\t\t\t\t\t\t\t\t\t<span class=\"elementor-icon-list-icon\">\n\t\t\t\t\t\t\t<i aria-hidden=\"true\" class=\"far fa-circle\"><\/i>\t\t\t\t\t\t<\/span>\n\t\t\t\t\t\t\t\t\t\t<span class=\"elementor-icon-list-text\">Finalizado<\/span>\n\t\t\t\t\t\t\t\t\t<\/li>\n\t\t\t\t\t\t<\/ul>\n\t\t\t\t\t\t<\/div>\n\t\t\t\t<\/div>\n\t\t\t\t\t<\/div>\n\t\t<\/div>\n\t\t\t\t\t<\/div>\n\t\t<\/section>\n\t\t\t\t<section class=\"elementor-section elementor-inner-section elementor-element elementor-element-e43155c elementor-section-boxed elementor-section-height-default elementor-section-height-default\" data-id=\"e43155c\" data-element_type=\"section\" data-settings=\"{&quot;background_background&quot;:&quot;classic&quot;}\">\n\t\t\t\t\t\t<div class=\"elementor-container elementor-column-gap-no\">\n\t\t\t\t\t<div class=\"elementor-column elementor-col-100 elementor-inner-column elementor-element elementor-element-1c18c6b\" data-id=\"1c18c6b\" data-element_type=\"column\">\n\t\t\t<div class=\"elementor-widget-wrap elementor-element-populated\">\n\t\t\t\t\t\t<div class=\"elementor-element elementor-element-162bd2f elementor-widget elementor-widget-shortcode\" data-id=\"162bd2f\" data-element_type=\"widget\" data-widget_type=\"shortcode.default\">\n\t\t\t\t<div class=\"elementor-widget-container\">\n\t\t\t\t\t\t\t<div class=\"elementor-shortcode\"><\/div>\n\t\t\t\t\t\t<\/div>\n\t\t\t\t<\/div>\n\t\t\t\t\t<\/div>\n\t\t<\/div>\n\t\t\t\t\t<\/div>\n\t\t<\/section>\n\t\t\t\t<section class=\"elementor-section elementor-inner-section elementor-element elementor-element-6f23e0e elementor-section-boxed elementor-section-height-default elementor-section-height-default\" data-id=\"6f23e0e\" data-element_type=\"section\" data-settings=\"{&quot;background_background&quot;:&quot;classic&quot;}\">\n\t\t\t\t\t\t<div class=\"elementor-container elementor-column-gap-default\">\n\t\t\t\t\t<div class=\"elementor-column elementor-col-33 elementor-inner-column elementor-element elementor-element-3383d18\" data-id=\"3383d18\" data-element_type=\"column\">\n\t\t\t<div class=\"elementor-widget-wrap elementor-element-populated\">\n\t\t\t\t\t\t<div class=\"elementor-element elementor-element-7ca1844 elementor-widget elementor-widget-image\" data-id=\"7ca1844\" data-element_type=\"widget\" data-widget_type=\"image.default\">\n\t\t\t\t<div class=\"elementor-widget-container\">\n\t\t\t\t\t\t\t\t\t\t\t\t\t\t\t<img decoding=\"async\" data-src=\"https:\/\/cracto.com.br\/wp-content\/uploads\/elementor\/thumbs\/reembolso-qzip0xbsxn7reyj8z6xar7ey8gd7lq5cua6u37wkx4.png\" title=\"reembolso.png\" alt=\"reembolso.png\" src=\"data:image\/gif;base64,R0lGODlhAQABAAAAACH5BAEKAAEALAAAAAABAAEAAAICTAEAOw==\" class=\"lazyload\" style=\"--smush-placeholder-width: 100px; --smush-placeholder-aspect-ratio: 100\/100;\" \/>\t\t\t\t\t\t\t\t\t\t\t\t\t\t\t<\/div>\n\t\t\t\t<\/div>\n\t\t\t\t\t<\/div>\n\t\t<\/div>\n\t\t\t\t<div class=\"elementor-column elementor-col-33 elementor-inner-column elementor-element elementor-element-287142c\" data-id=\"287142c\" data-element_type=\"column\">\n\t\t\t<div class=\"elementor-widget-wrap elementor-element-populated\">\n\t\t\t\t\t\t<div class=\"elementor-element elementor-element-68f3d47 elementor-widget elementor-widget-text-editor\" data-id=\"68f3d47\" data-element_type=\"widget\" data-widget_type=\"text-editor.default\">\n\t\t\t\t<div class=\"elementor-widget-container\">\n\t\t\t\t\t\t\t\t\t<h5>Satisfa\u00e7\u00e3o garantida ou seu dinheiro de volta!<\/h5><p>Voc\u00ea pode cancelar o pedido e receber todo do seu dinheiro de volta.<\/p>\t\t\t\t\t\t\t\t<\/div>\n\t\t\t\t<\/div>\n\t\t\t\t\t<\/div>\n\t\t<\/div>\n\t\t\t\t<div class=\"elementor-column elementor-col-33 elementor-inner-column elementor-element elementor-element-cd223f1\" data-id=\"cd223f1\" data-element_type=\"column\">\n\t\t\t<div class=\"elementor-widget-wrap elementor-element-populated\">\n\t\t\t\t\t\t<div class=\"elementor-element elementor-element-2b6de11 elementor-widget elementor-widget-image\" data-id=\"2b6de11\" data-element_type=\"widget\" data-widget_type=\"image.default\">\n\t\t\t\t<div class=\"elementor-widget-container\">\n\t\t\t\t\t\t\t\t\t\t\t\t\t\t\t<img decoding=\"async\" data-src=\"https:\/\/cracto.com.br\/wp-content\/uploads\/elementor\/thumbs\/certificado-ssl-qzkimdb2nrur3selsxtjwaxs313zf2x0ucf7yqkgyw.png\" title=\"certificado-ssl.png\" alt=\"certificado-ssl.png\" src=\"data:image\/gif;base64,R0lGODlhAQABAAAAACH5BAEKAAEALAAAAAABAAEAAAICTAEAOw==\" class=\"lazyload\" style=\"--smush-placeholder-width: 100px; --smush-placeholder-aspect-ratio: 100\/100;\" \/>\t\t\t\t\t\t\t\t\t\t\t\t\t\t\t<\/div>\n\t\t\t\t<\/div>\n\t\t\t\t\t<\/div>\n\t\t<\/div>\n\t\t\t\t\t<\/div>\n\t\t<\/section>\n\t\t\t\t\t<\/div>\n\t\t<\/div>\n\t\t\t\t\t<\/div>\n\t\t<\/section>\n\t\t\t\t<\/div>","protected":false},"excerpt":{"rendered":"<p>Carrinho Protegido por SSL Cancelamento Gratuito Carrinho Informa\u00e7\u00f5es Finalizado Seu carrinho est\u00e1 vazio. Satisfa\u00e7\u00e3o garantida ou seu dinheiro de volta! Voc\u00ea pode cancelar o pedido e receber todo do seu dinheiro de volta.<\/p>","protected":false},"author":12,"featured_media":0,"parent":3625,"menu_order":0,"comment_status":"closed","ping_status":"closed","template":"elementor_header_footer","meta":{"_joinchat":[],"footnotes":""},"class_list":["post-11639","page","type-page","status-publish","hentry"],"yoast_head":"<!-- This site is optimized with the Yoast SEO plugin v27.2 - https:\/\/yoast.com\/product\/yoast-seo-wordpress\/ -->\n<title>Carrinho - Cracto<\/title>\n<meta name=\"robots\" content=\"index, follow, max-snippet:-1, max-image-preview:large, max-video-preview:-1\" \/>\n<link rel=\"canonical\" href=\"https:\/\/cracto.com.br\/en\/casa-pronta\/carrinho\/\" \/>\n<meta property=\"og:locale\" content=\"en_US\" \/>\n<meta property=\"og:type\" content=\"article\" \/>\n<meta property=\"og:title\" content=\"Carrinho - Cracto\" \/>\n<meta property=\"og:description\" content=\"Carrinho Protegido por SSL Cancelamento Gratuito Carrinho Informa\u00e7\u00f5es Finalizado Seu carrinho est\u00e1 vazio. Satisfa\u00e7\u00e3o garantida ou seu dinheiro de volta! Voc\u00ea pode cancelar o pedido e receber todo do seu dinheiro de volta.\" \/>\n<meta property=\"og:url\" content=\"https:\/\/cracto.com.br\/en\/casa-pronta\/carrinho\/\" \/>\n<meta property=\"og:site_name\" content=\"Cracto\" \/>\n<meta property=\"article:modified_time\" content=\"2024-11-26T14:36:21+00:00\" \/>\n<meta property=\"og:image\" content=\"https:\/\/cracto.com.br\/wp-content\/uploads\/elementor\/thumbs\/reembolso-qu7b1jb1h3znqtl4ssux12y6wiy252yrxafxpidotk.png\" \/>\n<meta name=\"twitter:card\" content=\"summary_large_image\" \/>\n<meta name=\"twitter:label1\" content=\"Est. reading time\" \/>\n\t<meta name=\"twitter:data1\" content=\"1 minute\" \/>\n<script type=\"application\/ld+json\" class=\"yoast-schema-graph\">{\"@context\":\"https:\/\/schema.org\",\"@graph\":[{\"@type\":\"WebPage\",\"@id\":\"https:\/\/cracto.com.br\/casa-pronta\/carrinho\/\",\"url\":\"https:\/\/cracto.com.br\/casa-pronta\/carrinho\/\",\"name\":\"Carrinho - Cracto\",\"isPartOf\":{\"@id\":\"https:\/\/cracto.com.br\/#website\"},\"primaryImageOfPage\":{\"@id\":\"https:\/\/cracto.com.br\/casa-pronta\/carrinho\/#primaryimage\"},\"image\":{\"@id\":\"https:\/\/cracto.com.br\/casa-pronta\/carrinho\/#primaryimage\"},\"thumbnailUrl\":\"https:\/\/cracto.com.br\/wp-content\/uploads\/elementor\/thumbs\/reembolso-qu7b1jb1h3znqtl4ssux12y6wiy252yrxafxpidotk.png\",\"datePublished\":\"2024-03-13T13:46:06+00:00\",\"dateModified\":\"2024-11-26T14:36:21+00:00\",\"breadcrumb\":{\"@id\":\"https:\/\/cracto.com.br\/casa-pronta\/carrinho\/#breadcrumb\"},\"inLanguage\":\"en-US\",\"potentialAction\":[{\"@type\":\"ReadAction\",\"target\":[\"https:\/\/cracto.com.br\/casa-pronta\/carrinho\/\"]}]},{\"@type\":\"ImageObject\",\"inLanguage\":\"en-US\",\"@id\":\"https:\/\/cracto.com.br\/casa-pronta\/carrinho\/#primaryimage\",\"url\":\"https:\/\/cracto.com.br\/wp-content\/uploads\/elementor\/thumbs\/reembolso-qu7b1jb1h3znqtl4ssux12y6wiy252yrxafxpidotk.png\",\"contentUrl\":\"https:\/\/cracto.com.br\/wp-content\/uploads\/elementor\/thumbs\/reembolso-qu7b1jb1h3znqtl4ssux12y6wiy252yrxafxpidotk.png\"},{\"@type\":\"BreadcrumbList\",\"@id\":\"https:\/\/cracto.com.br\/casa-pronta\/carrinho\/#breadcrumb\",\"itemListElement\":[{\"@type\":\"ListItem\",\"position\":1,\"name\":\"In\u00edcio\",\"item\":\"https:\/\/cracto.com.br\/\"},{\"@type\":\"ListItem\",\"position\":2,\"name\":\"Casa Pronta\",\"item\":\"https:\/\/cracto.com.br\/casa-pronta\/\"},{\"@type\":\"ListItem\",\"position\":3,\"name\":\"Carrinho\"}]},{\"@type\":\"WebSite\",\"@id\":\"https:\/\/cracto.com.br\/#website\",\"url\":\"https:\/\/cracto.com.br\/\",\"name\":\"Cracto\",\"description\":\"Construtora e Servi\u00e7os de Engenharia\",\"publisher\":{\"@id\":\"https:\/\/cracto.com.br\/#organization\"},\"potentialAction\":[{\"@type\":\"SearchAction\",\"target\":{\"@type\":\"EntryPoint\",\"urlTemplate\":\"https:\/\/cracto.com.br\/?s={search_term_string}\"},\"query-input\":{\"@type\":\"PropertyValueSpecification\",\"valueRequired\":true,\"valueName\":\"search_term_string\"}}],\"inLanguage\":\"en-US\"},{\"@type\":\"Organization\",\"@id\":\"https:\/\/cracto.com.br\/#organization\",\"name\":\"Cracto\",\"url\":\"https:\/\/cracto.com.br\/\",\"logo\":{\"@type\":\"ImageObject\",\"inLanguage\":\"en-US\",\"@id\":\"https:\/\/cracto.com.br\/#\/schema\/logo\/image\/\",\"url\":\"https:\/\/cracto.com.br\/wp-content\/uploads\/2021\/08\/Cracto_logo-Azul-Holding.png\",\"contentUrl\":\"https:\/\/cracto.com.br\/wp-content\/uploads\/2021\/08\/Cracto_logo-Azul-Holding.png\",\"width\":2001,\"height\":763,\"caption\":\"Cracto\"},\"image\":{\"@id\":\"https:\/\/cracto.com.br\/#\/schema\/logo\/image\/\"}}]}<\/script>\n<!-- \/ Yoast SEO plugin. -->","yoast_head_json":{"title":"Carrinho - Cracto","robots":{"index":"index","follow":"follow","max-snippet":"max-snippet:-1","max-image-preview":"max-image-preview:large","max-video-preview":"max-video-preview:-1"},"canonical":"https:\/\/cracto.com.br\/en\/casa-pronta\/carrinho\/","og_locale":"en_US","og_type":"article","og_title":"Carrinho - Cracto","og_description":"Carrinho Protegido por SSL Cancelamento Gratuito Carrinho Informa\u00e7\u00f5es Finalizado Seu carrinho est\u00e1 vazio. Satisfa\u00e7\u00e3o garantida ou seu dinheiro de volta! Voc\u00ea pode cancelar o pedido e receber todo do seu dinheiro de volta.","og_url":"https:\/\/cracto.com.br\/en\/casa-pronta\/carrinho\/","og_site_name":"Cracto","article_modified_time":"2024-11-26T14:36:21+00:00","og_image":[{"url":"https:\/\/cracto.com.br\/wp-content\/uploads\/elementor\/thumbs\/reembolso-qu7b1jb1h3znqtl4ssux12y6wiy252yrxafxpidotk.png","type":"","width":"","height":""}],"twitter_card":"summary_large_image","twitter_misc":{"Est. reading time":"1 minute"},"schema":{"@context":"https:\/\/schema.org","@graph":[{"@type":"WebPage","@id":"https:\/\/cracto.com.br\/casa-pronta\/carrinho\/","url":"https:\/\/cracto.com.br\/casa-pronta\/carrinho\/","name":"Carrinho - Cracto","isPartOf":{"@id":"https:\/\/cracto.com.br\/#website"},"primaryImageOfPage":{"@id":"https:\/\/cracto.com.br\/casa-pronta\/carrinho\/#primaryimage"},"image":{"@id":"https:\/\/cracto.com.br\/casa-pronta\/carrinho\/#primaryimage"},"thumbnailUrl":"https:\/\/cracto.com.br\/wp-content\/uploads\/elementor\/thumbs\/reembolso-qu7b1jb1h3znqtl4ssux12y6wiy252yrxafxpidotk.png","datePublished":"2024-03-13T13:46:06+00:00","dateModified":"2024-11-26T14:36:21+00:00","breadcrumb":{"@id":"https:\/\/cracto.com.br\/casa-pronta\/carrinho\/#breadcrumb"},"inLanguage":"en-US","potentialAction":[{"@type":"ReadAction","target":["https:\/\/cracto.com.br\/casa-pronta\/carrinho\/"]}]},{"@type":"ImageObject","inLanguage":"en-US","@id":"https:\/\/cracto.com.br\/casa-pronta\/carrinho\/#primaryimage","url":"https:\/\/cracto.com.br\/wp-content\/uploads\/elementor\/thumbs\/reembolso-qu7b1jb1h3znqtl4ssux12y6wiy252yrxafxpidotk.png","contentUrl":"https:\/\/cracto.com.br\/wp-content\/uploads\/elementor\/thumbs\/reembolso-qu7b1jb1h3znqtl4ssux12y6wiy252yrxafxpidotk.png"},{"@type":"BreadcrumbList","@id":"https:\/\/cracto.com.br\/casa-pronta\/carrinho\/#breadcrumb","itemListElement":[{"@type":"ListItem","position":1,"name":"In\u00edcio","item":"https:\/\/cracto.com.br\/"},{"@type":"ListItem","position":2,"name":"Casa Pronta","item":"https:\/\/cracto.com.br\/casa-pronta\/"},{"@type":"ListItem","position":3,"name":"Carrinho"}]},{"@type":"WebSite","@id":"https:\/\/cracto.com.br\/#website","url":"https:\/\/cracto.com.br\/","name":"Cracto","description":"Construtora e Servi\u00e7os de Engenharia","publisher":{"@id":"https:\/\/cracto.com.br\/#organization"},"potentialAction":[{"@type":"SearchAction","target":{"@type":"EntryPoint","urlTemplate":"https:\/\/cracto.com.br\/?s={search_term_string}"},"query-input":{"@type":"PropertyValueSpecification","valueRequired":true,"valueName":"search_term_string"}}],"inLanguage":"en-US"},{"@type":"Organization","@id":"https:\/\/cracto.com.br\/#organization","name":"Cracto","url":"https:\/\/cracto.com.br\/","logo":{"@type":"ImageObject","inLanguage":"en-US","@id":"https:\/\/cracto.com.br\/#\/schema\/logo\/image\/","url":"https:\/\/cracto.com.br\/wp-content\/uploads\/2021\/08\/Cracto_logo-Azul-Holding.png","contentUrl":"https:\/\/cracto.com.br\/wp-content\/uploads\/2021\/08\/Cracto_logo-Azul-Holding.png","width":2001,"height":763,"caption":"Cracto"},"image":{"@id":"https:\/\/cracto.com.br\/#\/schema\/logo\/image\/"}}]}},"_links":{"self":[{"href":"https:\/\/cracto.com.br\/en\/wp-json\/wp\/v2\/pages\/11639","targetHints":{"allow":["GET"]}}],"collection":[{"href":"https:\/\/cracto.com.br\/en\/wp-json\/wp\/v2\/pages"}],"about":[{"href":"https:\/\/cracto.com.br\/en\/wp-json\/wp\/v2\/types\/page"}],"author":[{"embeddable":true,"href":"https:\/\/cracto.com.br\/en\/wp-json\/wp\/v2\/users\/12"}],"replies":[{"embeddable":true,"href":"https:\/\/cracto.com.br\/en\/wp-json\/wp\/v2\/comments?post=11639"}],"version-history":[{"count":120,"href":"https:\/\/cracto.com.br\/en\/wp-json\/wp\/v2\/pages\/11639\/revisions"}],"predecessor-version":[{"id":13745,"href":"https:\/\/cracto.com.br\/en\/wp-json\/wp\/v2\/pages\/11639\/revisions\/13745"}],"up":[{"embeddable":true,"href":"https:\/\/cracto.com.br\/en\/wp-json\/wp\/v2\/pages\/3625"}],"wp:attachment":[{"href":"https:\/\/cracto.com.br\/en\/wp-json\/wp\/v2\/media?parent=11639"}],"curies":[{"name":"wp","href":"https:\/\/api.w.org\/{rel}","templated":true}]}}