{"id":11314,"date":"2024-02-23T14:17:00","date_gmt":"2024-02-23T17:17:00","guid":{"rendered":"https:\/\/cracto.com.br\/?page_id=11314"},"modified":"2024-11-26T13:05:55","modified_gmt":"2024-11-26T16:05:55","slug":"minha-conta","status":"publish","type":"page","link":"https:\/\/cracto.com.br\/en\/casa-pronta\/minha-conta\/","title":{"rendered":"Minha conta"},"content":{"rendered":"<div data-elementor-type=\"wp-page\" data-elementor-id=\"11314\" class=\"elementor elementor-11314\" data-elementor-post-type=\"page\">\n\t\t\t\t\t\t<section class=\"elementor-section elementor-top-section elementor-element elementor-element-91ac967 elementor-section-height-min-height elementor-section-content-middle elementor-section-boxed elementor-section-height-default elementor-section-items-middle\" data-id=\"91ac967\" data-element_type=\"section\" data-settings=\"{&quot;background_background&quot;:&quot;classic&quot;}\">\n\t\t\t\t\t\t\t<div class=\"elementor-background-overlay\"><\/div>\n\t\t\t\t\t\t\t<div class=\"elementor-container elementor-column-gap-default\">\n\t\t\t\t\t<div class=\"elementor-column elementor-col-100 elementor-top-column elementor-element elementor-element-0ccf016\" data-id=\"0ccf016\" data-element_type=\"column\">\n\t\t\t<div class=\"elementor-widget-wrap elementor-element-populated\">\n\t\t\t\t\t\t<div class=\"elementor-element elementor-element-55ef939 elementor-widget elementor-widget-heading\" data-id=\"55ef939\" data-element_type=\"widget\" data-widget_type=\"heading.default\">\n\t\t\t\t<div class=\"elementor-widget-container\">\n\t\t\t\t\t<h2 class=\"elementor-heading-title elementor-size-default\">Minha Conta<\/h2>\t\t\t\t<\/div>\n\t\t\t\t<\/div>\n\t\t\t\t\t<\/div>\n\t\t<\/div>\n\t\t\t\t\t<\/div>\n\t\t<\/section>\n\t\t\t\t<section class=\"elementor-section elementor-top-section elementor-element elementor-element-e431c81 elementor-section-boxed elementor-section-height-default elementor-section-height-default\" data-id=\"e431c81\" data-element_type=\"section\" data-settings=\"{&quot;background_background&quot;:&quot;classic&quot;}\">\n\t\t\t\t\t\t<div class=\"elementor-container elementor-column-gap-narrow\">\n\t\t\t\t\t<div class=\"elementor-column elementor-col-100 elementor-top-column elementor-element elementor-element-6ea6d53\" data-id=\"6ea6d53\" data-element_type=\"column\">\n\t\t\t<div class=\"elementor-widget-wrap elementor-element-populated\">\n\t\t\t\t\t\t<section class=\"elementor-section elementor-inner-section elementor-element elementor-element-37561d4 elementor-section-boxed elementor-section-height-default elementor-section-height-default\" data-id=\"37561d4\" data-element_type=\"section\" data-settings=\"{&quot;background_background&quot;:&quot;classic&quot;}\">\n\t\t\t\t\t\t<div class=\"elementor-container elementor-column-gap-no\">\n\t\t\t\t\t<div class=\"elementor-column elementor-col-100 elementor-inner-column elementor-element elementor-element-4cb4f6f\" data-id=\"4cb4f6f\" data-element_type=\"column\">\n\t\t\t<div class=\"elementor-widget-wrap elementor-element-populated\">\n\t\t\t\t\t\t<div class=\"elementor-element elementor-element-2bfadd4 e-my-account-tabs-horizontal elementor-hidden-tablet elementor-hidden-mobile elementor-widget elementor-widget-woocommerce-my-account\" data-id=\"2bfadd4\" data-element_type=\"widget\" data-widget_type=\"woocommerce-my-account.default\">\n\t\t\t\t<div class=\"elementor-widget-container\">\n\t\t\t\t\t<div class=\"e-my-account-tab e-my-account-tab__\">\t\t\t<div class=\"woocommerce\"><\/div>\t\t<\/div>\n\t\t\t\t\t\t<\/div>\n\t\t\t\t<\/div>\n\t\t\t\t<div class=\"elementor-element elementor-element-ad2298c elementor-hidden-desktop e-my-account-tabs-vertical elementor-widget elementor-widget-woocommerce-my-account\" data-id=\"ad2298c\" data-element_type=\"widget\" data-widget_type=\"woocommerce-my-account.default\">\n\t\t\t\t<div class=\"elementor-widget-container\">\n\t\t\t\t\t<div class=\"e-my-account-tab e-my-account-tab__\">\t\t\t<div class=\"woocommerce\"><\/div>\t\t<\/div>\n\t\t\t\t\t\t<\/div>\n\t\t\t\t<\/div>\n\t\t\t\t\t<\/div>\n\t\t<\/div>\n\t\t\t\t\t<\/div>\n\t\t<\/section>\n\t\t\t\t\t<\/div>\n\t\t<\/div>\n\t\t\t\t\t<\/div>\n\t\t<\/section>\n\t\t\t\t<\/div>","protected":false},"excerpt":{"rendered":"<p>Minha Conta Painel de Controle Pedidos Downloads Endere\u00e7os Detalhes da conta Sair Painel de Controle Pedidos Downloads Endere\u00e7os Detalhes da conta Sair Painel de Controle Pedidos Downloads Endere\u00e7os Detalhes da conta Sair Painel de Controle Pedidos Downloads Endere\u00e7os Detalhes da conta Sair Ol\u00e1, Victor Pancracio (n\u00e3o \u00e9 Victor Pancracio? Sair) A partir do painel de [&hellip;]<\/p>","protected":false},"author":1,"featured_media":0,"parent":3625,"menu_order":0,"comment_status":"closed","ping_status":"closed","template":"elementor_header_footer","meta":{"_joinchat":[],"footnotes":""},"class_list":["post-11314","page","type-page","status-publish","hentry"],"yoast_head":"<!-- This site is optimized with the Yoast SEO plugin v27.2 - https:\/\/yoast.com\/product\/yoast-seo-wordpress\/ -->\n<title>Minha conta - Cracto<\/title>\n<meta name=\"description\" content=\"Gerencie suas informa\u00e7\u00f5es pessoais, pedidos e prefer\u00eancias de conta em um s\u00f3 lugar. Acesse sua \u00e1rea exclusiva e mantenha tudo organizado!\" \/>\n<meta name=\"robots\" content=\"index, follow, max-snippet:-1, max-image-preview:large, max-video-preview:-1\" \/>\n<link rel=\"canonical\" href=\"https:\/\/cracto.com.br\/en\/casa-pronta\/minha-conta\/\" \/>\n<meta property=\"og:locale\" content=\"en_US\" \/>\n<meta property=\"og:type\" content=\"article\" \/>\n<meta property=\"og:title\" content=\"Minha conta - Cracto\" \/>\n<meta property=\"og:description\" content=\"Gerencie suas informa\u00e7\u00f5es pessoais, pedidos e prefer\u00eancias de conta em um s\u00f3 lugar. Acesse sua \u00e1rea exclusiva e mantenha tudo organizado!\" \/>\n<meta property=\"og:url\" content=\"https:\/\/cracto.com.br\/en\/casa-pronta\/minha-conta\/\" \/>\n<meta property=\"og:site_name\" content=\"Cracto\" \/>\n<meta property=\"article:modified_time\" content=\"2024-11-26T16:05:55+00:00\" \/>\n<meta name=\"twitter:card\" content=\"summary_large_image\" \/>\n<meta name=\"twitter:label1\" content=\"Est. reading time\" \/>\n\t<meta name=\"twitter:data1\" content=\"1 minute\" \/>\n<script type=\"application\/ld+json\" class=\"yoast-schema-graph\">{\"@context\":\"https:\/\/schema.org\",\"@graph\":[{\"@type\":\"WebPage\",\"@id\":\"https:\/\/cracto.com.br\/casa-pronta\/minha-conta\/\",\"url\":\"https:\/\/cracto.com.br\/casa-pronta\/minha-conta\/\",\"name\":\"Minha conta - Cracto\",\"isPartOf\":{\"@id\":\"https:\/\/cracto.com.br\/#website\"},\"datePublished\":\"2024-02-23T17:17:00+00:00\",\"dateModified\":\"2024-11-26T16:05:55+00:00\",\"description\":\"Gerencie suas informa\u00e7\u00f5es pessoais, pedidos e prefer\u00eancias de conta em um s\u00f3 lugar. Acesse sua \u00e1rea exclusiva e mantenha tudo organizado!\",\"breadcrumb\":{\"@id\":\"https:\/\/cracto.com.br\/casa-pronta\/minha-conta\/#breadcrumb\"},\"inLanguage\":\"en-US\",\"potentialAction\":[{\"@type\":\"ReadAction\",\"target\":[\"https:\/\/cracto.com.br\/casa-pronta\/minha-conta\/\"]}]},{\"@type\":\"BreadcrumbList\",\"@id\":\"https:\/\/cracto.com.br\/casa-pronta\/minha-conta\/#breadcrumb\",\"itemListElement\":[{\"@type\":\"ListItem\",\"position\":1,\"name\":\"In\u00edcio\",\"item\":\"https:\/\/cracto.com.br\/\"},{\"@type\":\"ListItem\",\"position\":2,\"name\":\"Casa Pronta\",\"item\":\"https:\/\/cracto.com.br\/casa-pronta\/\"},{\"@type\":\"ListItem\",\"position\":3,\"name\":\"Minha conta\"}]},{\"@type\":\"WebSite\",\"@id\":\"https:\/\/cracto.com.br\/#website\",\"url\":\"https:\/\/cracto.com.br\/\",\"name\":\"Cracto\",\"description\":\"Construtora e Servi\u00e7os de Engenharia\",\"publisher\":{\"@id\":\"https:\/\/cracto.com.br\/#organization\"},\"potentialAction\":[{\"@type\":\"SearchAction\",\"target\":{\"@type\":\"EntryPoint\",\"urlTemplate\":\"https:\/\/cracto.com.br\/?s={search_term_string}\"},\"query-input\":{\"@type\":\"PropertyValueSpecification\",\"valueRequired\":true,\"valueName\":\"search_term_string\"}}],\"inLanguage\":\"en-US\"},{\"@type\":\"Organization\",\"@id\":\"https:\/\/cracto.com.br\/#organization\",\"name\":\"Cracto\",\"url\":\"https:\/\/cracto.com.br\/\",\"logo\":{\"@type\":\"ImageObject\",\"inLanguage\":\"en-US\",\"@id\":\"https:\/\/cracto.com.br\/#\/schema\/logo\/image\/\",\"url\":\"https:\/\/cracto.com.br\/wp-content\/uploads\/2021\/08\/Cracto_logo-Azul-Holding.png\",\"contentUrl\":\"https:\/\/cracto.com.br\/wp-content\/uploads\/2021\/08\/Cracto_logo-Azul-Holding.png\",\"width\":2001,\"height\":763,\"caption\":\"Cracto\"},\"image\":{\"@id\":\"https:\/\/cracto.com.br\/#\/schema\/logo\/image\/\"}}]}<\/script>\n<!-- \/ Yoast SEO plugin. -->","yoast_head_json":{"title":"Minha conta - Cracto","description":"Gerencie suas informa\u00e7\u00f5es pessoais, pedidos e prefer\u00eancias de conta em um s\u00f3 lugar. Acesse sua \u00e1rea exclusiva e mantenha tudo organizado!","robots":{"index":"index","follow":"follow","max-snippet":"max-snippet:-1","max-image-preview":"max-image-preview:large","max-video-preview":"max-video-preview:-1"},"canonical":"https:\/\/cracto.com.br\/en\/casa-pronta\/minha-conta\/","og_locale":"en_US","og_type":"article","og_title":"Minha conta - Cracto","og_description":"Gerencie suas informa\u00e7\u00f5es pessoais, pedidos e prefer\u00eancias de conta em um s\u00f3 lugar. Acesse sua \u00e1rea exclusiva e mantenha tudo organizado!","og_url":"https:\/\/cracto.com.br\/en\/casa-pronta\/minha-conta\/","og_site_name":"Cracto","article_modified_time":"2024-11-26T16:05:55+00:00","twitter_card":"summary_large_image","twitter_misc":{"Est. reading time":"1 minute"},"schema":{"@context":"https:\/\/schema.org","@graph":[{"@type":"WebPage","@id":"https:\/\/cracto.com.br\/casa-pronta\/minha-conta\/","url":"https:\/\/cracto.com.br\/casa-pronta\/minha-conta\/","name":"Minha conta - Cracto","isPartOf":{"@id":"https:\/\/cracto.com.br\/#website"},"datePublished":"2024-02-23T17:17:00+00:00","dateModified":"2024-11-26T16:05:55+00:00","description":"Gerencie suas informa\u00e7\u00f5es pessoais, pedidos e prefer\u00eancias de conta em um s\u00f3 lugar. Acesse sua \u00e1rea exclusiva e mantenha tudo organizado!","breadcrumb":{"@id":"https:\/\/cracto.com.br\/casa-pronta\/minha-conta\/#breadcrumb"},"inLanguage":"en-US","potentialAction":[{"@type":"ReadAction","target":["https:\/\/cracto.com.br\/casa-pronta\/minha-conta\/"]}]},{"@type":"BreadcrumbList","@id":"https:\/\/cracto.com.br\/casa-pronta\/minha-conta\/#breadcrumb","itemListElement":[{"@type":"ListItem","position":1,"name":"In\u00edcio","item":"https:\/\/cracto.com.br\/"},{"@type":"ListItem","position":2,"name":"Casa Pronta","item":"https:\/\/cracto.com.br\/casa-pronta\/"},{"@type":"ListItem","position":3,"name":"Minha conta"}]},{"@type":"WebSite","@id":"https:\/\/cracto.com.br\/#website","url":"https:\/\/cracto.com.br\/","name":"Cracto","description":"Construtora e Servi\u00e7os de Engenharia","publisher":{"@id":"https:\/\/cracto.com.br\/#organization"},"potentialAction":[{"@type":"SearchAction","target":{"@type":"EntryPoint","urlTemplate":"https:\/\/cracto.com.br\/?s={search_term_string}"},"query-input":{"@type":"PropertyValueSpecification","valueRequired":true,"valueName":"search_term_string"}}],"inLanguage":"en-US"},{"@type":"Organization","@id":"https:\/\/cracto.com.br\/#organization","name":"Cracto","url":"https:\/\/cracto.com.br\/","logo":{"@type":"ImageObject","inLanguage":"en-US","@id":"https:\/\/cracto.com.br\/#\/schema\/logo\/image\/","url":"https:\/\/cracto.com.br\/wp-content\/uploads\/2021\/08\/Cracto_logo-Azul-Holding.png","contentUrl":"https:\/\/cracto.com.br\/wp-content\/uploads\/2021\/08\/Cracto_logo-Azul-Holding.png","width":2001,"height":763,"caption":"Cracto"},"image":{"@id":"https:\/\/cracto.com.br\/#\/schema\/logo\/image\/"}}]}},"_links":{"self":[{"href":"https:\/\/cracto.com.br\/en\/wp-json\/wp\/v2\/pages\/11314","targetHints":{"allow":["GET"]}}],"collection":[{"href":"https:\/\/cracto.com.br\/en\/wp-json\/wp\/v2\/pages"}],"about":[{"href":"https:\/\/cracto.com.br\/en\/wp-json\/wp\/v2\/types\/page"}],"author":[{"embeddable":true,"href":"https:\/\/cracto.com.br\/en\/wp-json\/wp\/v2\/users\/1"}],"replies":[{"embeddable":true,"href":"https:\/\/cracto.com.br\/en\/wp-json\/wp\/v2\/comments?post=11314"}],"version-history":[{"count":140,"href":"https:\/\/cracto.com.br\/en\/wp-json\/wp\/v2\/pages\/11314\/revisions"}],"predecessor-version":[{"id":13757,"href":"https:\/\/cracto.com.br\/en\/wp-json\/wp\/v2\/pages\/11314\/revisions\/13757"}],"up":[{"embeddable":true,"href":"https:\/\/cracto.com.br\/en\/wp-json\/wp\/v2\/pages\/3625"}],"wp:attachment":[{"href":"https:\/\/cracto.com.br\/en\/wp-json\/wp\/v2\/media?parent=11314"}],"curies":[{"name":"wp","href":"https:\/\/api.w.org\/{rel}","templated":true}]}}